{"id":339,"date":"2022-01-22T13:00:53","date_gmt":"2022-01-22T12:00:53","guid":{"rendered":"https:\/\/cote-de-france.fr\/privacy-policy\/"},"modified":"2022-01-22T13:00:56","modified_gmt":"2022-01-22T12:00:56","slug":"privacy-policy","status":"publish","type":"page","link":"https:\/\/cote-de-france.fr\/en\/privacy-policy\/","title":{"rendered":"Privacy Policy"},"content":{"rendered":"&#13;\n<h3 class=\"wp-block-heading\"><b>D\u00e9finitions<\/b><\/h3>&#13;\n<p>L\u2019\u00c9diteur : La personne, physique ou morale, qui \u00e9dite les services de communication au public en ligne.<\/p>&#13;\n<p>Le Site : L\u2019ensemble des sites, pages Internet et services en ligne propos\u00e9s par l\u2019\u00c9diteur.<\/p>&#13;\n<p>L\u2019Utilisateur : La personne utilisant le Site et les services.<\/p>&#13;\n<p>\u00a0<\/p>&#13;\n<h3><b>Nature des donn\u00e9es collect\u00e9es<\/b><\/h3>&#13;\n<p>Dans le cadre de l\u2019utilisation des Sites, l\u2019\u00c9diteur est susceptible de collecter les cat\u00e9gories de donn\u00e9es suivantes concernant ses Utilisateurs :<\/p>&#13;\n<p>Donn\u00e9es d\u2019\u00e9tat-civil, d\u2019identit\u00e9, d\u2019identification\u2026<\/p>&#13;\n<p>Donn\u00e9es relatives \u00e0 la vie personnelle (habitudes de vie, situation familiale, hors donn\u00e9es sensibles ou dangereuses)<\/p>&#13;\n<p>Donn\u00e9es relatives \u00e0 la vie professionnelle (CV, scolarit\u00e9, formation professionnelle, distinctions\u2026)<\/p>&#13;\n<p>Informations d\u2019ordre \u00e9conomique et financier (revenus, situation financi\u00e8re, situation fiscale\u2026)<\/p>&#13;\n<p>Donn\u00e9es de connexion (adresses IP, journaux d\u2019\u00e9v\u00e9nements\u2026)<\/p>&#13;\n<p>Donn\u00e9es de localisation (d\u00e9placements, donn\u00e9es GPS, GSM\u2026)<\/p>&#13;\n<p>\u00a0<\/p>&#13;\n<h3><b>Conservation des donn\u00e9es techniques et personnelles<\/b><\/h3>&#13;\n<p>Dur\u00e9e de conservation des donn\u00e9es techniques<\/p>&#13;\n<p>Les donn\u00e9es techniques sont conserv\u00e9es pour la dur\u00e9e strictement n\u00e9cessaire \u00e0 la r\u00e9alisation des finalit\u00e9s vis\u00e9es ci-avant.<\/p>&#13;\n<p>Suppression des donn\u00e9es apr\u00e8s suppression du compte<\/p>&#13;\n<p>Des moyens de purge de donn\u00e9es sont mis en place afin d\u2019en pr\u00e9voir la suppression effective d\u00e8s lors que la dur\u00e9e de conservation ou d\u2019archivage n\u00e9cessaire \u00e0 l\u2019accomplissement des finalit\u00e9s d\u00e9termin\u00e9es ou impos\u00e9es est atteinte. Conform\u00e9ment \u00e0 la loi n\u00b078-17 du 6 janvier 1978 relative \u00e0 l\u2019informatique, aux fichiers et aux libert\u00e9s, vous disposez par ailleurs d\u2019un droit de suppression sur vos donn\u00e9es que vous pouvez exercer \u00e0 tout moment en prenant contact avec l\u2019\u00c9diteur.<\/p>&#13;\n<p>Suppression des donn\u00e9es apr\u00e8s 3 ans d\u2019inactivit\u00e9<\/p>&#13;\n<p>Pour des raisons de s\u00e9curit\u00e9, si vous ne vous \u00eates pas authentifi\u00e9 sur le Site pendant une p\u00e9riode de trois ans, vous recevrez un e-mail vous invitant \u00e0 vous connecter dans les plus brefs d\u00e9lais, sans quoi vos donn\u00e9es seront supprim\u00e9es de nos bases de donn\u00e9es.<\/p>&#13;\n<p>\u00a0<\/p>&#13;\n<h3><b>Formulaires de contact<\/b><\/h3>&#13;\n<p>Conform\u00e9ment \u00e0 l\u2019article 32 de la loi \u00abInformatique et Libert\u00e9s\u00bb n\u00b0 78-17 du 6 janvier 1978, modifi\u00e9e par la loi n\u00b0 2004-801 du 6 ao\u00fbt 2004, les informations personnelles (pr\u00e9nom, nom, num\u00e9ro de t\u00e9l\u00e9phone, e-mail, statut social,\u2026) recueillies via les formulaires de contact font l\u2019objet d\u2019un traitement informatique destin\u00e9 seulement \u00e0 ce que le responsable du traitement, seule destinataire des donn\u00e9es, puisse r\u00e9pondre aux utilisateurs, et ce de la mani\u00e8re la plus appropri\u00e9e, et ne seront jamais utilis\u00e9es \u00e0 des fins non pr\u00e9vues ni transmises \u00e0 des partenaires et ne feront l\u2019objet d\u2019aucun transfert en dehors du territoire de l\u2019Union Europ\u00e9enne.. Aucune information personnelle autre que celles demand\u00e9es dans ce cadre n\u2019est collect\u00e9e \u00e0 votre insu.<\/p>&#13;\n<p>Les donn\u00e9es recueillies seront conserv\u00e9es 38 mois :<\/p>&#13;\n<p>\u2013 \u00e0 compter de la collecte ou du dernier contact pour les prospects,<\/p>&#13;\n<p>\u2013 \u00e0 compter de la fin de la relation commerciale pour les clients.<\/p>&#13;\n<p>Conform\u00e9ment \u00e0 la loi \u00ab informatique et libert\u00e9s \u00bb du 6 janvier 1978 modifi\u00e9e, vous disposez des droits d\u2019interrogation, d\u2019acc\u00e8s, de rectification et de suppression aux informations qui vous concernent.<\/p>&#13;\n<p>Pour l\u2019exercer, adressez-vous par courriel \u00e0 : V.HEIDINGER@salpa.fr ou bien un courrier<\/p>&#13;\n<p><b>Astuce<\/b> : vous ne souhaitez pas donner votre consentement ? Appelez-nous directement. Nous r\u00e9pondrons ainsi \u00e0 vos questions par t\u00e9l\u00e9phone.<\/p>&#13;\n<p>\u00a0<\/p>&#13;\n<h3><b>Contenu embarqu\u00e9 depuis d\u2019autres sites<\/b><\/h3>&#13;\n<p>Les articles de ce site peuvent inclure des contenus int\u00e9gr\u00e9s (par exemple des vid\u00e9os, images, articles\u2026). Le contenu int\u00e9gr\u00e9 depuis d\u2019autres sites se comporte de la m\u00eame mani\u00e8re que si le visiteur se rendait sur cet autre site.<\/p>&#13;\n<p>Ces sites web pourraient collecter des donn\u00e9es sur vous, utiliser des cookies, embarquer des outils de suivis tiers, suivre vos interactions avec ces contenus embarqu\u00e9s si vous disposez d\u2019un compte connect\u00e9 sur leur site web.<\/p>&#13;\n<p>\u00a0<\/p>&#13;\n<h3><b>Cookies<\/b><\/h3>&#13;\n<h4><b>Dur\u00e9e de conservation des cookies<\/b><\/h4>&#13;\n<p>Conform\u00e9ment aux recommandations de la CNIL, la dur\u00e9e maximale de conservation des cookies est de 13 mois au maximum apr\u00e8s leur premier d\u00e9p\u00f4t dans le terminal de l\u2019Utilisateur, tout comme la dur\u00e9e de la validit\u00e9 du consentement de l\u2019Utilisateur \u00e0 l\u2019utilisation de ces cookies. La dur\u00e9e de vie des cookies n\u2019est pas prolong\u00e9e \u00e0 chaque visite. Le consentement de l\u2019Utilisateur devra donc \u00eatre renouvel\u00e9 \u00e0 l\u2019issue de ce d\u00e9lai.<\/p>&#13;\n<h4><b>Finalit\u00e9 cookies<\/b><\/h4>&#13;\n<p>Les cookies peuvent \u00eatre utilis\u00e9s pour des fins statistiques notamment pour optimiser les services rendus \u00e0 l\u2019Utilisateur, \u00e0 partir du traitement des informations concernant la fr\u00e9quence d\u2019acc\u00e8s, la personnalisation des pages ainsi que les op\u00e9rations r\u00e9alis\u00e9es et les informations consult\u00e9es.<\/p>&#13;\n<p>Vous \u00eates inform\u00e9 que l\u2019\u00c9diteur est susceptible de d\u00e9poser des cookies sur votre terminal. Le cookie enregistre des informations relatives \u00e0 la navigation sur le service (les pages que vous avez consult\u00e9es, la date et l\u2019heure de la consultation\u2026) que nous pourrons lire lors de vos visites ult\u00e9rieures.<\/p>&#13;\n<h4><b>Cookies exempt\u00e9s de consentement pr\u00e9alable<\/b><\/h4>&#13;\n<p>Des cookies ont pour finalit\u00e9s de permettre une navigation et un affichage des pages optimaux sur notre site ainsi que de contr\u00f4ler le respect de la vie priv\u00e9e des utilisateurs. L\u2019utilisation de ces traceurs ne requiert pas votre consentement selon l\u2019article 32 II de la loi n\u00b0 78-17 du 6 janvier 1978.<\/p>&#13;\n<p>Vous pouvez n\u00e9anmoins les d\u00e9sactiver \u00e0 tout moment.<\/p>&#13;\n<h4><b>Cookies requ\u00e9rant votre consentement pr\u00e9alable<\/b><\/h4>&#13;\n<p>Des cookies Analytics, provenant du tiers Google, ont pour finalit\u00e9 de recueillir des statistiques de visites anonymes qui, une fois recoup\u00e9es, pourraient \u00eatre intrusives pour la vie priv\u00e9e des utilisateurs du site.<\/p>&#13;\n<p>En cons\u00e9quence, l\u2019utilisation des traceurs Google Analytics est d\u00e9sactiv\u00e9e par d\u00e9faut sur ce site. Vous pouvez les autoriser pour permettre au responsable du site d\u2019am\u00e9liorer la qualit\u00e9 de la navigation et des informations dispens\u00e9es sur ce site.<\/p>&#13;\n<p>Enfin, vous pouvez \u00e0 tout moment revenir sur votre choix et retirer votre consentement<\/p>&#13;\n<p>\u00a0<\/p>&#13;\n<h3><b>Informations suppl\u00e9mentaires<\/b><\/h3>&#13;\n<h4><b>Comment nous prot\u00e9geons vos donn\u00e9es<\/b><\/h4>&#13;\n<p>Nous nous engageons \u00e0 mettre en oeuvre toutes les mesures techniques et organisationnelles appropri\u00e9es afin de garantir un niveau de s\u00e9curit\u00e9 adapt\u00e9 au regard des risques d\u2019acc\u00e8s accidentels, non autoris\u00e9s ou ill\u00e9gaux, de divulgation, d\u2019alt\u00e9ration, de perte ou encore de destruction des donn\u00e9es personnelles vous concernant.<\/p>&#13;\n<p>Dans l\u2019\u00e9ventualit\u00e9 o\u00f9 nous prendrions connaissance d\u2019un acc\u00e8s ill\u00e9gal aux donn\u00e9es personnelles vous concernant stock\u00e9es sur nos serveurs ou ceux de nos prestataires, ou d\u2019un acc\u00e8s non autoris\u00e9 ayant pour cons\u00e9quence la r\u00e9alisation des risques identifi\u00e9s ci-dessus, nous nous engageons \u00e0 :<\/p>&#13;\n<ul>&#13;\n<li>Vous notifier l\u2019incident dans les plus brefs d\u00e9lais ;<\/li>&#13;\n<li>Examiner les causes de l\u2019incident et vous en informer ;<\/li>&#13;\n<li>Prendre les mesures n\u00e9cessaires dans la limite du raisonnable afin d\u2019amoindrir les effets n\u00e9gatifs et pr\u00e9judices pouvant r\u00e9sulter dudit incident<\/li>&#13;\n<\/ul>&#13;\n<h4><b>Limitation de la responsabilit\u00e9<\/b><\/h4>&#13;\n<p>En aucun cas les engagements d\u00e9finis au point ci-dessus relatif \u00e0 la notification en cas de faille de s\u00e9curit\u00e9 ne peuvent \u00eatre assimil\u00e9s \u00e0 une quelconque reconnaissance de faute ou de responsabilit\u00e9 quant \u00e0 la survenance de l\u2019incident en question.<\/p>&#13;\n<h4><b>Retrait du Consentement concernant vos donn\u00e9es personnelles<\/b><\/h4>&#13;\n<p>Vous disposez d\u2019un droit d\u2019acc\u00e8s, de modification et\/ou de suppression des donn\u00e9es vous concernant \u00e0 tout moment en contactant l\u2019\u00e9diteur du site.<\/p>&#13;\n<p>Le responsable du fichier dispose d\u2019un d\u00e9lai de r\u00e9ponse maximal de 2 mois \u00e0 compter de la demande. La CNIL pr\u00e9cise : \u00ab Si la demande est incompl\u00e8te (absence de la pi\u00e8ce d\u2019identit\u00e9 par exemple), le responsable du fichier est en droit de demander des compl\u00e9ments : le d\u00e9lai est alors suspendu et court \u00e0 nouveau une fois ces \u00e9l\u00e9ments fournis \u00bb.<\/p>&#13;\n<p>Les limites au droit d\u2019acc\u00e8s sont pr\u00e9cis\u00e9es sur le site de la CNIL et <a href=\"https:\/\/www.cnil.fr\/fr\/respecter-les-droits-des-personnes\">consultables en cliquant ici<\/a>.<\/p>&#13;\n<p>\u00a0<\/p>&#13;\n<h3><b>Modification des CGU et de la politique de confidentialit\u00e9<\/b><\/h3>&#13;\n<p>Nous nous engageons \u00e0 vous informer en cas de modification substantielle des pr\u00e9sentes CGU, et \u00e0 ne pas baisser le niveau de confidentialit\u00e9 de vos donn\u00e9es de mani\u00e8re substantielle sans vous en informer et obtenir votre consentement.<\/p>&#13;\n","protected":false},"excerpt":{"rendered":"<p>&#13; D\u00e9finitions &#13; L\u2019\u00c9diteur : La personne, physique ou morale, qui \u00e9dite les services de communication au public en ligne. [&hellip;]<\/p>\n","protected":false},"author":2,"featured_media":0,"parent":0,"menu_order":0,"comment_status":"closed","ping_status":"open","template":"","meta":{"_acf_changed":false,"_seopress_robots_primary_cat":"","_seopress_titles_title":"","_seopress_titles_desc":"","_seopress_robots_index":"yes","footnotes":""},"class_list":["post-339","page","type-page","status-publish","hentry"],"acf":[],"_links":{"self":[{"href":"https:\/\/cote-de-france.fr\/en\/wp-json\/wp\/v2\/pages\/339","targetHints":{"allow":["GET"]}}],"collection":[{"href":"https:\/\/cote-de-france.fr\/en\/wp-json\/wp\/v2\/pages"}],"about":[{"href":"https:\/\/cote-de-france.fr\/en\/wp-json\/wp\/v2\/types\/page"}],"author":[{"embeddable":true,"href":"https:\/\/cote-de-france.fr\/en\/wp-json\/wp\/v2\/users\/2"}],"replies":[{"embeddable":true,"href":"https:\/\/cote-de-france.fr\/en\/wp-json\/wp\/v2\/comments?post=339"}],"version-history":[{"count":3,"href":"https:\/\/cote-de-france.fr\/en\/wp-json\/wp\/v2\/pages\/339\/revisions"}],"predecessor-version":[{"id":342,"href":"https:\/\/cote-de-france.fr\/en\/wp-json\/wp\/v2\/pages\/339\/revisions\/342"}],"wp:attachment":[{"href":"https:\/\/cote-de-france.fr\/en\/wp-json\/wp\/v2\/media?parent=339"}],"curies":[{"name":"wp","href":"https:\/\/api.w.org\/{rel}","templated":true}]}}