{"id":333,"date":"2022-01-22T12:55:27","date_gmt":"2022-01-22T11:55:27","guid":{"rendered":"https:\/\/cote-de-france.fr\/legal-notice\/"},"modified":"2022-09-06T10:28:11","modified_gmt":"2022-09-06T08:28:11","slug":"legal-notice","status":"publish","type":"page","link":"https:\/\/cote-de-france.fr\/en\/legal-notice\/","title":{"rendered":"Legal Notice"},"content":{"rendered":"<h3>EDITEUR<\/h3>\n<p>Le site cote-de-france.fr est \u00e9dit\u00e9 par Holding Salpa, Soci\u00e9t\u00e9 Alsacienne de Participations Agro-alimentaires RCS Strasbourg B409.867.835, ayant son si\u00e8ge social en France : Rue du Pont du P\u00e9age &#8211; 67118 Geispolsheim.<\/p>\n<h3>DIRECTEUR DE LA PUBLICATION<\/h3>\n<p>Le directeur de la publication du site cote-de-france.fr est M. F. Le Roux de Bretagne<\/p>\n<p>Le responsable \u00e9ditorial du site cote-de-france.fr est M. F. Le Roux de Bretagne<\/p>\n<h3>HEBERGEUR<\/h3>\n<p>Le Site est h\u00e9berg\u00e9 par la soci\u00e9t\u00e9 GROUPE OCI, Soci\u00e9t\u00e9 par actions simplifi\u00e9e, inscrite au RCS de Strasbourg sous le n\u00b0 502 770 118, dont le si\u00e8ge social est situ\u00e9 2 rue Amp\u00e8re 67450 Mundolsheim.<br \/>\nCoordonn\u00e9es :<br \/>\n\u2022 T\u00e9l\u00e9phone : 09 69 39 40 60<br \/>\n\u2022 Adresse e-mail : info@oci.fr.<\/p>\n<h3>PROPRIETE INTELLECTUELLE<\/h3>\n<p>La structure g\u00e9n\u00e9rale du site cote-de-france.fr ainsi que les textes, graphiques, images, sons et vid\u00e9os la composant, sont la propri\u00e9t\u00e9 de la Soci\u00e9t\u00e9 Alsacienne de Participations Agro-alimentaires ou de ses partenaires. Toute repr\u00e9sentation et\/ou reproduction et\/ou exploitation partielle ou totale de ce site, par quelque proc\u00e9d\u00e9 que ce soit, sans l\u2019autorisation pr\u00e9alable et par \u00e9crit de la Soci\u00e9t\u00e9 Alsacienne de Participations Agro-alimentaires ou de ses partenaires est strictement interdite et serait susceptible de constituer une contrefa\u00e7on au sens des articles L 335-2 et suivants du Code de la propri\u00e9t\u00e9 intellectuelle.<\/p>\n<h3>LOI INFORMATIQUE ET LIBERTE<\/h3>\n<p>Votre adresse e-mail peut \u00eatre conserv\u00e9e par Soci\u00e9t\u00e9 Alsacienne de Participations Agro-alimentaires dans l&#8217;unique but de vous informer ou de g\u00e9rer vos achats effectu\u00e9s via le site. Vous pourrez, \u00e0 tout moment, demander votre d\u00e9sinscription. Aucune information personnelle n&#8217;est collect\u00e9e \u00e0 votre insu. Aucune information personnelle n&#8217;est c\u00e9d\u00e9e \u00e0 des tiers. Nous vous rappelons que vous disposez d&#8217;un droit d&#8217;acc\u00e8s, de modification, de rectification et de suppression des donn\u00e9es qui vous concernent (loi n\u00b078-17 du 6 janvier 1978 modifi\u00e9e par la loi n\u00b02004-575 du 21 juin 2004). Pour plus de d\u00e9tails, r\u00e9f\u00e9rez vous \u00e0 notre politique de confidentialit\u00e9.<\/p>\n<h3>RESPONSABILITES<\/h3>\n<p>Ce site s\u2019efforce d&#8217;assurer une information fiable et \u00e0 jour. Malgr\u00e9 notre vigilance, des erreurs peuvent s&#8217;\u00eatre gliss\u00e9es dans nos pages. Nous vous prions de nous en excuser : l&#8217;utilisation faite de ces informations et de tout pr\u00e9judice direct ou indirect pouvant en d\u00e9couler n&#8217;engage pas notre responsabilit\u00e9.<\/p>\n<p>Les prix \u00e9ventuellement mentionn\u00e9s sur le pr\u00e9sent site web peuvent \u00eatre sujets \u00e0 modification sans avis pr\u00e9alable et la disponibilit\u00e9 des produits propos\u00e9s sur le site ne peut \u00eatre garantie.<\/p>\n<p>Les photos des produits, coffrets ainsi que toutes les sources visuelles de ce site sont non contractuelles.<\/p>\n<p>Tous liens hypertextes pouvant renvoyer vers d&#8217;autres site web ou d&#8217;autres sources Internet sont soumis \u00e0 l&#8217;autorisation \u00e9crite de la Soci\u00e9t\u00e9 Alsacienne de Participations Agro-alimentaires et sous v\u00e9rification exclusive de celle-ci.<br \/>\nLa Soci\u00e9t\u00e9 Alsacienne de Participations Agro-alimentaires ne peut \u00eatre tenue pour responsable de la mise \u00e0 disposition de ressources internes et externes, et ne peut supporter aucune responsabilit\u00e9 quant aux contenus, publicit\u00e9s, produits, services ou tout autre mat\u00e9riel disponibles sur ou \u00e0 partir de ces sites web ou sources internes et externes.<br \/>\nDe m\u00eame et dans la limite autoris\u00e9e par la loi, la Soci\u00e9t\u00e9 Alsacienne de Participations Agro-alimentaires ne saurait \u00eatre tenue responsable dans le cas o\u00f9 le contenu desdits autres sites web contreviendrait aux dispositions l\u00e9gales et r\u00e9glementaires en vigueur.<\/p>\n<p>La Soci\u00e9t\u00e9 Alsacienne de Participations Agro-alimentaires prend toutes les pr\u00e9cautions pour que le contenu du site web ne soit pas contraire \u00e0 l&#8217;ordre public et aux bonnes moeurs. Toutefois, si des id\u00e9es ou images heurtaient certaines personnes particuli\u00e8rement sensibles, la Soci\u00e9t\u00e9 Alsacienne de Participations Agro-alimentaires ne saurait en \u00eatre responsable.<\/p>\n<p>De m\u00eame, la Soci\u00e9t\u00e9 Alsacienne de Participations Agro-alimentaires ne pourra \u00eatre tenue pour responsable en cas de contamination des mat\u00e9riels informatiques des internautes r\u00e9sultants de la propagation d&#8217;un virus ou autres infections informatiques.<\/p>\n<p>En tant qu&#8217;utilisateur du site web, il vous appartient de prendre toutes les mesures appropri\u00e9es de fa\u00e7on \u00e0 prot\u00e9ger vos propres donn\u00e9es et\/ou logiciels de la contamination par des \u00e9ventuels virus circulant sur le r\u00e9seau internet.<\/p>\n<p>Pour toute remarque concernant d\u2019\u00e9ventuels dysfonctionnements du site, contactez nous au plus vite afin de nous permettre de proc\u00e9der aux modifications demand\u00e9es.<\/p>\n","protected":false},"excerpt":{"rendered":"<p>EDITEUR Le site cote-de-france.fr est \u00e9dit\u00e9 par Holding Salpa, Soci\u00e9t\u00e9 Alsacienne de Participations Agro-alimentaires RCS Strasbourg B409.867.835, ayant son si\u00e8ge [&hellip;]<\/p>\n","protected":false},"author":2,"featured_media":289,"parent":0,"menu_order":0,"comment_status":"closed","ping_status":"closed","template":"","meta":{"_acf_changed":false,"_seopress_robots_primary_cat":"","_seopress_titles_title":"","_seopress_titles_desc":"","_seopress_robots_index":"yes","footnotes":""},"class_list":["post-333","page","type-page","status-publish","has-post-thumbnail","hentry"],"acf":[],"_links":{"self":[{"href":"https:\/\/cote-de-france.fr\/en\/wp-json\/wp\/v2\/pages\/333","targetHints":{"allow":["GET"]}}],"collection":[{"href":"https:\/\/cote-de-france.fr\/en\/wp-json\/wp\/v2\/pages"}],"about":[{"href":"https:\/\/cote-de-france.fr\/en\/wp-json\/wp\/v2\/types\/page"}],"author":[{"embeddable":true,"href":"https:\/\/cote-de-france.fr\/en\/wp-json\/wp\/v2\/users\/2"}],"replies":[{"embeddable":true,"href":"https:\/\/cote-de-france.fr\/en\/wp-json\/wp\/v2\/comments?post=333"}],"version-history":[{"count":2,"href":"https:\/\/cote-de-france.fr\/en\/wp-json\/wp\/v2\/pages\/333\/revisions"}],"predecessor-version":[{"id":428,"href":"https:\/\/cote-de-france.fr\/en\/wp-json\/wp\/v2\/pages\/333\/revisions\/428"}],"wp:featuredmedia":[{"embeddable":true,"href":"https:\/\/cote-de-france.fr\/en\/wp-json\/wp\/v2\/media\/289"}],"wp:attachment":[{"href":"https:\/\/cote-de-france.fr\/en\/wp-json\/wp\/v2\/media?parent=333"}],"curies":[{"name":"wp","href":"https:\/\/api.w.org\/{rel}","templated":true}]}}